{"id":3321,"date":"2016-08-01T09:26:42","date_gmt":"2016-08-01T07:26:42","guid":{"rendered":"http:\/\/www.advanco.fi\/?page_id=3321"},"modified":"2016-08-02T14:06:39","modified_gmt":"2016-08-02T12:06:39","slug":"konsultointi","status":"publish","type":"page","link":"https:\/\/www.advanco.fi\/?page_id=3321","title":{"rendered":"Konsultointi"},"content":{"rendered":"<section class=\"av_textblock_section\"  itemscope=\"itemscope\" itemtype=\"https:\/\/schema.org\/CreativeWork\" ><div class='avia_textblock '  style='font-size:18px; '  itemprop=\"text\" ><p><span style=\"font-weight: 900; color: #333; line-height: 2em;\">Konsultointi<\/span><\/p>\n<\/div><\/section>\n<section class=\"av_textblock_section\"  itemscope=\"itemscope\" itemtype=\"https:\/\/schema.org\/CreativeWork\" ><div class='avia_textblock '  style='font-size:16px; '  itemprop=\"text\" ><p>Advanco kehitt\u00e4\u00e4 perusterveydenhuollon ja erikoissairaanhoidon toimintatapoja, palveluita, organisoimista ja johtamista. Lis\u00e4ksi autamme asiakkaitamme tunnistamaan uusia liiketoimintamahdollisuuksia hyvinvointipalveluiden ja terveysteknologian kent\u00e4ss\u00e4.<\/p>\n<\/div><\/section>\n<div style='height:1px; margin-top:-5px'  class='hr hr-invisible '><span class='hr-inner ' ><span class='hr-inner-style'><\/span><\/span><\/div>\n<div class=\"flex_column av_one_half  flex_column_div av-zero-column-padding first  \" style='border-radius:0px; '><section class=\"av_textblock_section\"  itemscope=\"itemscope\" itemtype=\"https:\/\/schema.org\/CreativeWork\" ><div class='avia_textblock '   itemprop=\"text\" ><p><strong>Edist\u00e4mme<\/strong><\/p>\n<ul>\n<li>toimintatapojen uudistumista<\/li>\n<li>hoidon laatua ja vaikuttavuutta<\/li>\n<li>palveluiden saatavuutta ja tuottavuutta<\/li>\n<li>asiakastyytyv\u00e4isyytt\u00e4<\/li>\n<li>terveydenhuollon ammattilaisten ty\u00f6hyvinvointia<\/li>\n<\/ul>\n<\/div><\/section><\/div>\n<div class=\"flex_column av_one_half  flex_column_div av-zero-column-padding   \" style='border-radius:0px; '><section class=\"av_textblock_section\"  itemscope=\"itemscope\" itemtype=\"https:\/\/schema.org\/CreativeWork\" ><div class='avia_textblock '   itemprop=\"text\" ><p><strong>Tyypillisi\u00e4\u00a0toimeksiantojamme<\/strong><\/p>\n<ul>\n<li>palvelutuotannon kehitt\u00e4mistarpeiden arviointi<\/li>\n<li>kliinisen ty\u00f6n ja hallinnon prosessien kuvaaminen ja optimointi<\/li>\n<li>polikliinisten vastaanottojen, leikkaustoiminnan ja vuodeosastojen mitoitus<\/li>\n<li>leikkaustoiminnan laadun ja tuottavuuden kehitt\u00e4minen<\/li>\n<li>palvelutuotannon ulkoistusten suunnittelu<\/li>\n<li>palveluiden konseptointi ja liiketoiminnan suunnittelu<\/li>\n<li>mittaristojen laatiminen<\/li>\n<\/ul>\n<\/div><\/section><\/div>\n","protected":false},"excerpt":{"rendered":"","protected":false},"author":1,"featured_media":0,"parent":0,"menu_order":0,"comment_status":"closed","ping_status":"closed","template":"","meta":{"footnotes":""},"class_list":["post-3321","page","type-page","status-publish","hentry"],"_links":{"self":[{"href":"https:\/\/www.advanco.fi\/index.php?rest_route=\/wp\/v2\/pages\/3321","targetHints":{"allow":["GET"]}}],"collection":[{"href":"https:\/\/www.advanco.fi\/index.php?rest_route=\/wp\/v2\/pages"}],"about":[{"href":"https:\/\/www.advanco.fi\/index.php?rest_route=\/wp\/v2\/types\/page"}],"author":[{"embeddable":true,"href":"https:\/\/www.advanco.fi\/index.php?rest_route=\/wp\/v2\/users\/1"}],"replies":[{"embeddable":true,"href":"https:\/\/www.advanco.fi\/index.php?rest_route=%2Fwp%2Fv2%2Fcomments&post=3321"}],"version-history":[{"count":11,"href":"https:\/\/www.advanco.fi\/index.php?rest_route=\/wp\/v2\/pages\/3321\/revisions"}],"predecessor-version":[{"id":3434,"href":"https:\/\/www.advanco.fi\/index.php?rest_route=\/wp\/v2\/pages\/3321\/revisions\/3434"}],"wp:attachment":[{"href":"https:\/\/www.advanco.fi\/index.php?rest_route=%2Fwp%2Fv2%2Fmedia&parent=3321"}],"curies":[{"name":"wp","href":"https:\/\/api.w.org\/{rel}","templated":true}]}}