{"id":3318,"date":"2016-08-01T09:24:57","date_gmt":"2016-08-01T07:24:57","guid":{"rendered":"http:\/\/www.advanco.fi\/?page_id=3318"},"modified":"2016-08-04T14:16:43","modified_gmt":"2016-08-04T12:16:43","slug":"jonoton-hoito","status":"publish","type":"page","link":"http:\/\/www.advanco.fi\/?page_id=3318","title":{"rendered":"Jonoton hoito"},"content":{"rendered":"<section class=\"av_textblock_section\"  itemscope=\"itemscope\" itemtype=\"https:\/\/schema.org\/CreativeWork\" ><div class='avia_textblock '  style='font-size:18px; '  itemprop=\"text\" ><p><span style=\"font-weight: 900; color: #333; line-height: 2em;\">Jonoton hoito<\/span><\/p>\n<\/div><\/section>\n<div style='height:1px; margin-top:-15px'  class='hr hr-invisible '><span class='hr-inner ' ><span class='hr-inner-style'><\/span><\/span><\/div>\n<div class=\"flex_column av_one_half  flex_column_div av-zero-column-padding first  \" style='border-radius:0px; '><p><section class=\"av_textblock_section\"  itemscope=\"itemscope\" itemtype=\"https:\/\/schema.org\/CreativeWork\" ><div class='avia_textblock '  style='font-size:16px; '  itemprop=\"text\" ><p>Jonoton hoito on toimintatapa, jolla julkisen terveydenhuollon kilpailukyky nostetaan uudelle tasolle. Tehokkaalla\u00a0palvelutuotannon ohjauksella poistetaan tarpeettomat ja kalliit jonot. Samalla hoidon saatavuus, sujuvuus ja laatu paranevat.<\/p>\n<\/div><\/section><br \/>\n<section class=\"av_textblock_section\"  itemscope=\"itemscope\" itemtype=\"https:\/\/schema.org\/CreativeWork\" ><div class='avia_textblock '   itemprop=\"text\" ><p>Advanco on edell\u00e4k\u00e4vij\u00e4 jonottoman hoidon mallin kehitt\u00e4misess\u00e4. Malli soveltuu kaikkeen elektiiviseen terveydenhuoltoon erityisesti erikoissairaanhoidon vastaanotto- ja leikkaustoimintaan. Se\u00a0selkeytt\u00e4\u00e4 hoidon valmistelua ja vaiheittaista toteutusta. Vapaana olevien hoitoaikojen k\u00e4ytt\u00f6 tehostuu merkitt\u00e4v\u00e4sti.<\/p>\n<p>Jonotonta hoitoa toteutetaan k\u00e4yt\u00e4nn\u00f6ss\u00e4 koeteltujen periaatteiden avulla. Erityisesti l\u00e4hetteiden k\u00e4sittelyaikaan kiinnitet\u00e4\u00e4n huomiota.\u00a0Ennakoiva diagnostiikka sek\u00e4\u00a0l\u00e4\u00e4k\u00e4rik\u00e4ynti varataan viiveett\u00e4 l\u00e4hetteen k\u00e4sittelyn yhteydess\u00e4.<\/p>\n<p>Malli mahdollistaa hoidonvaraustilanteen tosiaikaisen seurannan ja hallinnan, mink\u00e4 ansiosta ensimm\u00e4iset vapaat ajat ovat aina l\u00e4\u00e4k\u00e4rin ja hoidonvaraajan tiedossa. Toimenpiteen ajankohta voidaan sopia potilaan kanssa jo hoitop\u00e4\u00e4t\u00f6ksen yhteydess\u00e4 poliklinikalla.<\/p>\n<\/div><\/section><\/p><\/div><div class=\"flex_column av_one_half  flex_column_div av-zero-column-padding   \" style='border-radius:0px; '><p><div style='height:25px' class='hr hr-invisible '><span class='hr-inner ' ><span class='hr-inner-style'><\/span><\/span><\/div><br \/>\n<section class=\"av_textblock_section\"  itemscope=\"itemscope\" itemtype=\"https:\/\/schema.org\/CreativeWork\" ><div class='avia_textblock '   itemprop=\"text\" ><blockquote>\n<p>Jonottoman hoidon malli on paras keino edist\u00e4\u00e4 hoitotakuun toteutumista.<\/p>\n<\/blockquote>\n<\/div><\/section><br \/>\n<div style='height:5px' class='hr hr-invisible '><span class='hr-inner ' ><span class='hr-inner-style'><\/span><\/span><\/div><br \/>\n\t<div  class='av_promobox avia-button-yes '>\t\t<div class='avia-promocontent'><p>\nOta yhteytt\u00e4, jos haluat tiet\u00e4\u00e4 lis\u00e4\u00e4\u00a0 jonottoman hoidon k\u00e4ytt\u00f6\u00f6nottamisesta\u00a0omassa organisaatiossasi.<\/p>\n<\/div><div class='avia-button-wrap avia-button-right '><a href='http:\/\/www.advanco.fi\/?page_id=3333' class='avia-button  avia-icon_select-no avia-color-theme-color avia-size-large avia-position-right '   ><span class='avia_iconbox_title' >Ota yhteytt\u00e4<\/span><\/a><\/div>\t<\/div><\/p><\/div><\/p>\n","protected":false},"excerpt":{"rendered":"","protected":false},"author":1,"featured_media":64,"parent":0,"menu_order":0,"comment_status":"closed","ping_status":"closed","template":"","meta":{"footnotes":""},"class_list":["post-3318","page","type-page","status-publish","has-post-thumbnail","hentry"],"_links":{"self":[{"href":"http:\/\/www.advanco.fi\/index.php?rest_route=\/wp\/v2\/pages\/3318","targetHints":{"allow":["GET"]}}],"collection":[{"href":"http:\/\/www.advanco.fi\/index.php?rest_route=\/wp\/v2\/pages"}],"about":[{"href":"http:\/\/www.advanco.fi\/index.php?rest_route=\/wp\/v2\/types\/page"}],"author":[{"embeddable":true,"href":"http:\/\/www.advanco.fi\/index.php?rest_route=\/wp\/v2\/users\/1"}],"replies":[{"embeddable":true,"href":"http:\/\/www.advanco.fi\/index.php?rest_route=%2Fwp%2Fv2%2Fcomments&post=3318"}],"version-history":[{"count":18,"href":"http:\/\/www.advanco.fi\/index.php?rest_route=\/wp\/v2\/pages\/3318\/revisions"}],"predecessor-version":[{"id":3448,"href":"http:\/\/www.advanco.fi\/index.php?rest_route=\/wp\/v2\/pages\/3318\/revisions\/3448"}],"wp:featuredmedia":[{"embeddable":true,"href":"http:\/\/www.advanco.fi\/index.php?rest_route=\/wp\/v2\/media\/64"}],"wp:attachment":[{"href":"http:\/\/www.advanco.fi\/index.php?rest_route=%2Fwp%2Fv2%2Fmedia&parent=3318"}],"curies":[{"name":"wp","href":"https:\/\/api.w.org\/{rel}","templated":true}]}}